{"id":11,"date":"2025-08-15T20:57:59","date_gmt":"2025-08-15T18:57:59","guid":{"rendered":"https:\/\/cukrzycaupsa.pl\/?page_id=11"},"modified":"2025-08-15T22:51:01","modified_gmt":"2025-08-15T20:51:01","slug":"o-nas","status":"publish","type":"page","link":"https:\/\/cukrzycaupsa.pl\/","title":{"rendered":"\ud83d\udc3e O nas"},"content":{"rendered":"\n<h2 class=\"wp-block-heading\">Cze\u015b\u0107!<\/h2>\n\n\n\n<p>Mam na imi\u0119 Asia i jestem mam\u0105 Roniego \u2014 cudownego Cavaliera, kt\u00f3ry ma ju\u017c 7 lat. W maju tego roku us\u0142yszeli\u015bmy diagnoz\u0119: cukrzyca.  To by\u0142a chwila, kt\u00f3ra wywr\u00f3ci\u0142a nasze \u017cycie do g\u00f3ry nogami.<\/p>\n\n\n\n<p>Ten blog powsta\u0142 z potrzeby dzielenia si\u0119 nasz\u0105 codzienno\u015bci\u0105, emocjami i do\u015bwiadczeniami. Chc\u0119, \u017ceby by\u0142 miejscem wsparcia dla innych opiekun\u00f3w ps\u00f3w z cukrzyc\u0105 \u2014 pe\u0142nym wiedzy, empatii i nadziei.<\/p>\n\n\n\n<p>Roni to nie tylko m\u00f3j pies. To m\u00f3j przyjaciel, towarzysz i serce tego bloga. \ud83d\udc99<\/p>\n\n\n\n<p><\/p>\n","protected":false},"excerpt":{"rendered":"<p>Cze\u015b\u0107! Mam na imi\u0119 Asia i jestem mam\u0105 Roniego \u2014 cudownego Cavaliera, kt\u00f3ry ma ju\u017c 7 lat. W maju tego roku us\u0142yszeli\u015bmy diagnoz\u0119: cukrzyca. To by\u0142a chwila, kt\u00f3ra wywr\u00f3ci\u0142a nasze \u017cycie do g\u00f3ry nogami. Ten blog powsta\u0142 z potrzeby dzielenia si\u0119 nasz\u0105 codzienno\u015bci\u0105, emocjami i do\u015bwiadczeniami. Chc\u0119, \u017ceby by\u0142 miejscem wsparcia dla innych opiekun\u00f3w ps\u00f3w z cukrzyc\u0105 \u2014 pe\u0142nym wiedzy, empatii i nadziei. Roni to nie tylko m\u00f3j pies. To m\u00f3j przyjaciel, towarzysz i serce tego bloga. \ud83d\udc99<\/p>\n","protected":false},"author":1,"featured_media":24,"parent":0,"menu_order":0,"comment_status":"closed","ping_status":"closed","template":"","meta":{"footnotes":""},"class_list":["post-11","page","type-page","status-publish","has-post-thumbnail","hentry"],"_links":{"self":[{"href":"https:\/\/cukrzycaupsa.pl\/index.php?rest_route=\/wp\/v2\/pages\/11","targetHints":{"allow":["GET"]}}],"collection":[{"href":"https:\/\/cukrzycaupsa.pl\/index.php?rest_route=\/wp\/v2\/pages"}],"about":[{"href":"https:\/\/cukrzycaupsa.pl\/index.php?rest_route=\/wp\/v2\/types\/page"}],"author":[{"embeddable":true,"href":"https:\/\/cukrzycaupsa.pl\/index.php?rest_route=\/wp\/v2\/users\/1"}],"replies":[{"embeddable":true,"href":"https:\/\/cukrzycaupsa.pl\/index.php?rest_route=%2Fwp%2Fv2%2Fcomments&post=11"}],"version-history":[{"count":3,"href":"https:\/\/cukrzycaupsa.pl\/index.php?rest_route=\/wp\/v2\/pages\/11\/revisions"}],"predecessor-version":[{"id":26,"href":"https:\/\/cukrzycaupsa.pl\/index.php?rest_route=\/wp\/v2\/pages\/11\/revisions\/26"}],"wp:featuredmedia":[{"embeddable":true,"href":"https:\/\/cukrzycaupsa.pl\/index.php?rest_route=\/wp\/v2\/media\/24"}],"wp:attachment":[{"href":"https:\/\/cukrzycaupsa.pl\/index.php?rest_route=%2Fwp%2Fv2%2Fmedia&parent=11"}],"curies":[{"name":"wp","href":"https:\/\/api.w.org\/{rel}","templated":true}]}}